{"id":57,"date":"2014-12-14T14:56:10","date_gmt":"2014-12-14T19:56:10","guid":{"rendered":"http:\/\/iluminatuser.com\/?page_id=57"},"modified":"2014-12-17T21:31:08","modified_gmt":"2014-12-18T02:31:08","slug":"sesion-individual-individual-session","status":"publish","type":"page","link":"https:\/\/iluminatuser.com\/?page_id=57","title":{"rendered":"SESI\u00d3N INDIVIDUAL \/ INDIVIDUAL SESSION"},"content":{"rendered":"<h1 style=\"text-align: justify;\"><span style=\"color: #000080;\">Usualmente comienzo una sesi\u00f3n moviendo energ\u00eda en la mayor\u00eda de los huesos para que puedan \u00e9stos alinearse naturalmente, si el cliente tiene un tema espec\u00edfico\u00a0como una enfermedad o dolor; moveremos la energ\u00eda en esa \u00e1rea con prioridad, la sesi\u00f3n dura cuarenta minutos.<\/span><\/h1>\n<h1 style=\"text-align: justify;\"><span style=\"color: #000080;\"><strong>Los principios que se usan en\u00a0Quantum Touch<span style=\"color: #000080;\"><sup style=\"color: #008000;\">\u00ae<\/sup><\/span>\u00a0son la resonancia y el arraste, donde el cliente alcanza la vibraci\u00f3n alta del practicante y con la inteligencia innata del cuerpo del cliente \u00e9ste obtiene su auto sanaci\u00f3n y bienestar. Utilizo t\u00e9cnicas de respiraci\u00f3n e intenci\u00f3n\u00a0para acelerar los procesos de sanaci\u00f3n de mi cliente.<\/strong><\/span><\/h1>\n<h1 style=\"text-align: justify;\"><span style=\"color: #000080;\">Durante la sesi\u00f3n mis clientes permanecen totalmente vestidos, a veces uso un camilla de masajes o solicito a mi cliente que se mantenga de pie o sentado. Con Quantum-Touch<sup style=\"color: #008000;\">\u00ae <\/sup>podemos ver sanaciones\u00a0incre\u00edbles\u00a0en minutos u\u00a0horas, en ciertos casos cr\u00f3nicos recomiendo varias sesiones.<\/span><\/h1>\n<h1 style=\"text-align: justify;\"><span style=\"color: #000080;\"><strong>Descargo: \u00a0Pese a que \u00a0Quantum Touch<sup style=\"color: #008000;\">\u00ae<\/sup>\u00a0es altamente efectivo en promover m\u00e1xima sanaci\u00f3n por medio de t\u00e9cnicas hol\u00edsticas, no significa que en\u00a0ocasiones\u00a0no ser\u00e1 suficiente para ciertos\u00a0temas o problemas de salud.\u00a0<\/strong><strong style=\"color: #008000;\">\u00a0<\/strong><strong style=\"color: #008000;\"><span style=\"color: #000080;\">Quantum-Touch no es un substituto o reemplazo de cualquier pr\u00e1ctica m\u00e9dica calificada para el cuidado, diagn\u00f3stico o tratamiento de cualquier condici\u00f3n de salud.<\/span>\u00a0<\/strong><\/span><br \/>\n<span style=\"color: #000080;\"><strong><br \/>\nLas sesiones pueden ser programadas v\u00eda tel\u00e9fono llamando +593 99 976 5999,\u00a0 Skype: iluminatuser, o por email a jleon@iluminatuser.com<\/strong><\/span><\/h1>\n<h1 style=\"text-align: justify;\">\u00a0 \u00a0 \u00a0 \u00a0 \u00a0 \u00a0 \u00a0 \u00a0 \u00a0 \u00a0 \u00a0 \u00a0 \u00a0 \u00a0 \u00a0 \u00a0 \u00a0 \u00a0 \u00a0 \u00a0 \u00a0 \u00a0 \u00a0 \u00a0 \u00a0 \u00a0 \u00a0 \u00a0<span style=\"color: #000080;\">&#8212;&#8212;&#8212;&#8212;&#8212;&#8212;&#8212;&#8212;&#8212;&#8212;<\/span><\/h1>\n<h1 style=\"text-align: justify;\"><span style=\"color: #008000;\"><strong>I usually begin a session running energy in most of the bones so they can naturally move into alignment, then if the client has specific issues, such as an illness or pain; I will run the energy at the area of concern.\u00a0 Individual session last forty minutes.<\/strong><\/span><\/h1>\n<h1 style=\"text-align: justify;\"><span style=\"color: #008000;\">The principles involved in Quantum Touch<sup>\u00ae<\/sup> are those of resonance and entrainment, where the client reaches the higher vibration of the practitioner and with the client\u00b4s own innate body intelligence obtain his\/her self healing and wellness. \u00a0I use breathing techniques, light touch and intention to accelerate my client\u2019s own healing processes.<\/span><\/h1>\n<h1 style=\"text-align: justify;\"><span style=\"color: #008000;\">During a session my clients remain fully clothed,sometimes I used a massage table or ask the client to be standing up or seated.\u00a0 With Quantum-Touch<sup>\u00ae <\/sup>we can see incredible healings in minutes or hours, in some chronic cases I will recommend multiple sessions.<\/span><\/h1>\n<p>&nbsp;<\/p>\n<h1 style=\"text-align: justify;\"><span style=\"color: #008000;\"><strong>Disclaimer:\u00a0\u00a0 Although Quantum Touch<sup>\u00ae<\/sup> is highly\u00a0 effective in promoting<\/strong><strong>\u00a0 maximum health and healing through\u00a0alternative \u00a0 holistic means it may not be sufficient intervention for some health related issues or concerns. <\/strong><strong>Quantum-Touch is not intended to be a substitute or replacement for qualified medical practitioners for the advice, care, diagnosis, or treatment of any health condition.<\/strong><\/span><br \/>\n<span style=\"color: #008000;\"><strong><br \/>\nSessions are scheduled by appointment by calling +593 99 976 5999,\u00a0 Skype: iluminatuser, or emailing at \u00a0jleon@iluminatuser<\/strong><strong style=\"color: #008000;\"><a style=\"color: #008000;\" href=\"mailto:jleon@healingandcoaching4u.com\">.<\/a>com<\/strong><\/span><\/h1>\n","protected":false},"excerpt":{"rendered":"<p>Usualmente comienzo una sesi\u00f3n moviendo energ\u00eda en la mayor\u00eda de los huesos para que puedan \u00e9stos alinearse naturalmente, si el cliente tiene un tema espec\u00edfico\u00a0como una enfermedad o dolor; moveremos la energ\u00eda en esa \u00e1rea con prioridad, la sesi\u00f3n dura cuarenta minutos. Los principios que se usan en\u00a0Quantum Touch\u00ae\u00a0son la resonancia y el arraste, donde [&hellip;]<\/p>\n","protected":false},"author":1,"featured_media":0,"parent":30,"menu_order":2,"comment_status":"closed","ping_status":"closed","template":"","meta":{"jetpack_post_was_ever_published":false,"footnotes":""},"class_list":["post-57","page","type-page","status-publish","hentry"],"jetpack_sharing_enabled":true,"jetpack_shortlink":"https:\/\/wp.me\/P5sCK5-V","_links":{"self":[{"href":"https:\/\/iluminatuser.com\/index.php?rest_route=\/wp\/v2\/pages\/57","targetHints":{"allow":["GET"]}}],"collection":[{"href":"https:\/\/iluminatuser.com\/index.php?rest_route=\/wp\/v2\/pages"}],"about":[{"href":"https:\/\/iluminatuser.com\/index.php?rest_route=\/wp\/v2\/types\/page"}],"author":[{"embeddable":true,"href":"https:\/\/iluminatuser.com\/index.php?rest_route=\/wp\/v2\/users\/1"}],"replies":[{"embeddable":true,"href":"https:\/\/iluminatuser.com\/index.php?rest_route=%2Fwp%2Fv2%2Fcomments&post=57"}],"version-history":[{"count":3,"href":"https:\/\/iluminatuser.com\/index.php?rest_route=\/wp\/v2\/pages\/57\/revisions"}],"predecessor-version":[{"id":119,"href":"https:\/\/iluminatuser.com\/index.php?rest_route=\/wp\/v2\/pages\/57\/revisions\/119"}],"up":[{"embeddable":true,"href":"https:\/\/iluminatuser.com\/index.php?rest_route=\/wp\/v2\/pages\/30"}],"wp:attachment":[{"href":"https:\/\/iluminatuser.com\/index.php?rest_route=%2Fwp%2Fv2%2Fmedia&parent=57"}],"curies":[{"name":"wp","href":"https:\/\/api.w.org\/{rel}","templated":true}]}}