{"id":55,"date":"2014-12-14T13:58:33","date_gmt":"2014-12-14T18:58:33","guid":{"rendered":"http:\/\/iluminatuser.com\/?page_id=55"},"modified":"2014-12-26T13:39:12","modified_gmt":"2014-12-26T18:39:12","slug":"acerca-de-quantum-touch-about-quantum-touch","status":"publish","type":"page","link":"https:\/\/iluminatuser.com\/?page_id=55","title":{"rendered":"ACERCA DE QUANTUM TOUCH \/ ABOUT QUANTUM TOUCH"},"content":{"rendered":"<h1><span style=\"color: #000080;\">C\u00f3mo funciona la t\u00e9cnica de sanaci\u00f3n energ\u00e9tica Quantum Touch? \u00a0<\/span><\/h1>\n<h1 style=\"text-align: justify;\"><span style=\"color: #000080;\">La sanaci\u00f3n es un proceso fascinante, la cual generalmente no es entendida. \u00a0Pese a que se cree que una persona puede sanar a otra, es sumamente importante el saber que toda sanaci\u00f3n es auto-sanaci\u00f3n. \u00a0El cuerpo tiene una inteligencia y habilidad extraordinaria de auto-sanarse.<\/span><\/h1>\n<h1 style=\"text-align: justify;\"><span style=\"color: #000080;\"><strong>Nuestra definici\u00f3n preferida de sanador es alguien que estuvo enfermo y se san\u00f3; un gran sanador es aquel que estuvo muy enfermo y se sano r\u00e1pidamente. \u00a0Pese a que toda sanaci\u00f3n es auto-sanaci\u00f3n, nosotros podemos ayudar\u00a0a otras personas a sanarse con su propio proceso de sanaci\u00f3n.<br \/>\n<\/strong><\/span><\/h1>\n<h1 style=\"text-align: justify;\"><span style=\"color: #000080;\"><strong>Las t\u00e9cnicas de\u00a0\u00a0Quantum-Touch <\/strong><\/span><strong><span style=\"color: #008000;\"><span style=\"color: #000080;\">\u00ae nos ense\u00f1an c\u00f3mo enfocarnos y as\u00ed amplificar la Energ\u00eda de Fuerza Vital por medio de combinar varias t\u00e9cnicas de respiraci\u00f3n y ejercicios de conocimiento y conciencia del cuerpo.<\/span>\u00a0<\/span><\/strong><\/h1>\n<h6><span style=\"color: #000080;\"><strong>Por Richard Gordon, Fundador de Quantum-Touch<sup>\u00ae<\/sup><\/strong><\/span><\/h6>\n<h1>\u00a0 \u00a0 \u00a0 \u00a0 \u00a0 \u00a0 \u00a0<span style=\"color: #000080;\">&#8212;&#8212;&#8212;&#8212;&#8212;&#8212;&#8212;&#8212;&#8212;&#8212;&#8211;<\/span><\/h1>\n<h1 style=\"text-align: justify;\"><span style=\"color: #008000;\"><strong>How Does Quantum-Touch Energy Healing Work?<\/strong><\/span><\/h1>\n<h1 style=\"text-align: justify;\"><span style=\"color: #008000;\">Healing is a fascinating process which is generally very poorly\u00a0understood.\u00a0 Although it may be tempting to believe that we can heal other people, it is of utmost importance to realize that all healing is self-healing. The body has an extraordinary intelligence and ability to heal itself. \u00a0<\/span><\/h1>\n<h1 style=\"text-align: justify;\"><span style=\"color: #008000;\"><strong>Our favorite definition of a healer is someone who was sick and got well; a great healer is someone who was very sick and got well quickly.\u00a0\u00a0 Although all healing is self healing, we can assist other people heal with their own healing process.<br \/>\n<\/strong><\/span><\/h1>\n<h1 style=\"text-align: justify;\"><span style=\"color: #008000;\"><strong>The Quantum-Touch <\/strong><\/span><strong><span style=\"color: #008000;\">\u00ae techniques teach us how to focus and amplify life-force energy by combining various breathing and body awareness exercises.<\/span><\/strong><\/h1>\n<p>&nbsp;<\/p>\n<h6 style=\"text-align: justify;\"><span style=\"color: #008000;\"><strong>by Richard Gordon, Founder of Quantum-Touch<sup>\u00ae<\/sup><\/strong><\/span><\/h6>\n","protected":false},"excerpt":{"rendered":"<p>C\u00f3mo funciona la t\u00e9cnica de sanaci\u00f3n energ\u00e9tica Quantum Touch? \u00a0 La sanaci\u00f3n es un proceso fascinante, la cual generalmente no es entendida. \u00a0Pese a que se cree que una persona puede sanar a otra, es sumamente importante el saber que toda sanaci\u00f3n es auto-sanaci\u00f3n. \u00a0El cuerpo tiene una inteligencia y habilidad extraordinaria de auto-sanarse. Nuestra [&hellip;]<\/p>\n","protected":false},"author":1,"featured_media":0,"parent":30,"menu_order":1,"comment_status":"closed","ping_status":"closed","template":"","meta":{"jetpack_post_was_ever_published":false,"footnotes":""},"class_list":["post-55","page","type-page","status-publish","hentry"],"jetpack_sharing_enabled":true,"jetpack_shortlink":"https:\/\/wp.me\/P5sCK5-T","_links":{"self":[{"href":"https:\/\/iluminatuser.com\/index.php?rest_route=\/wp\/v2\/pages\/55","targetHints":{"allow":["GET"]}}],"collection":[{"href":"https:\/\/iluminatuser.com\/index.php?rest_route=\/wp\/v2\/pages"}],"about":[{"href":"https:\/\/iluminatuser.com\/index.php?rest_route=\/wp\/v2\/types\/page"}],"author":[{"embeddable":true,"href":"https:\/\/iluminatuser.com\/index.php?rest_route=\/wp\/v2\/users\/1"}],"replies":[{"embeddable":true,"href":"https:\/\/iluminatuser.com\/index.php?rest_route=%2Fwp%2Fv2%2Fcomments&post=55"}],"version-history":[{"count":9,"href":"https:\/\/iluminatuser.com\/index.php?rest_route=\/wp\/v2\/pages\/55\/revisions"}],"predecessor-version":[{"id":162,"href":"https:\/\/iluminatuser.com\/index.php?rest_route=\/wp\/v2\/pages\/55\/revisions\/162"}],"up":[{"embeddable":true,"href":"https:\/\/iluminatuser.com\/index.php?rest_route=\/wp\/v2\/pages\/30"}],"wp:attachment":[{"href":"https:\/\/iluminatuser.com\/index.php?rest_route=%2Fwp%2Fv2%2Fmedia&parent=55"}],"curies":[{"name":"wp","href":"https:\/\/api.w.org\/{rel}","templated":true}]}}