{"id":33,"date":"2014-12-13T19:04:11","date_gmt":"2014-12-14T00:04:11","guid":{"rendered":"http:\/\/iluminatuser.com\/?page_id=33"},"modified":"2024-04-01T19:45:46","modified_gmt":"2024-04-02T00:45:46","slug":"testimonios-testimonials","status":"publish","type":"page","link":"https:\/\/iluminatuser.com\/?page_id=33","title":{"rendered":"TESTIMONIOS \/ TESTIMONIALS"},"content":{"rendered":"<p>&nbsp;<\/p>\n<div style=\"width: 625px;\" class=\"wp-video\"><video class=\"data-temp-aztec-video\" id=\"video-33-1\" width=\"625\" height=\"352\" preload=\"metadata\" controls=\"controls\"><source type=\"video\/mp4\" src=\"https:\/\/iluminatuser.com\/wp-content\/uploads\/2018\/09\/wp-1536434625805.mp4?_=1\" \/><a href=\"https:\/\/iluminatuser.com\/wp-content\/uploads\/2018\/09\/wp-1536434625805.mp4\">https:\/\/iluminatuser.com\/wp-content\/uploads\/2018\/09\/wp-1536434625805.mp4<\/a><\/video><\/div>\n<h2><a href=\"https:\/\/iluminatuser.com\/wp-content\/uploads\/2016\/05\/1460695990604.jpg\"><img loading=\"lazy\" decoding=\"async\" class=\"wp-image-239 aligncenter\" src=\"https:\/\/iluminatuser.com\/wp-content\/uploads\/2016\/05\/1460695990604-300x300.jpg\" alt=\"1460695990604\" width=\"355\" height=\"355\" data-temp-aztec-id=\"6c0662d9-2eae-42cf-b67e-c83c30540648\" srcset=\"https:\/\/iluminatuser.com\/wp-content\/uploads\/2016\/05\/1460695990604-300x300.jpg 300w, https:\/\/iluminatuser.com\/wp-content\/uploads\/2016\/05\/1460695990604-150x150.jpg 150w, https:\/\/iluminatuser.com\/wp-content\/uploads\/2016\/05\/1460695990604-768x768.jpg 768w, https:\/\/iluminatuser.com\/wp-content\/uploads\/2016\/05\/1460695990604-1024x1024.jpg 1024w, https:\/\/iluminatuser.com\/wp-content\/uploads\/2016\/05\/1460695990604-624x624.jpg 624w, https:\/\/iluminatuser.com\/wp-content\/uploads\/2016\/05\/1460695990604.jpg 1500w\" sizes=\"auto, (max-width: 355px) 100vw, 355px\" \/><br \/>\n<img loading=\"lazy\" decoding=\"async\" class=\"wp-image-381 aligncenter\" src=\"https:\/\/iluminatuser.com\/wp-content\/uploads\/2018\/09\/1536545187449979811250.jpg\" width=\"345\" height=\"345\" srcset=\"https:\/\/iluminatuser.com\/wp-content\/uploads\/2018\/09\/1536545187449979811250.jpg 1600w, https:\/\/iluminatuser.com\/wp-content\/uploads\/2018\/09\/1536545187449979811250-150x150.jpg 150w, https:\/\/iluminatuser.com\/wp-content\/uploads\/2018\/09\/1536545187449979811250-300x300.jpg 300w, https:\/\/iluminatuser.com\/wp-content\/uploads\/2018\/09\/1536545187449979811250-768x768.jpg 768w, https:\/\/iluminatuser.com\/wp-content\/uploads\/2018\/09\/1536545187449979811250-1024x1024.jpg 1024w, https:\/\/iluminatuser.com\/wp-content\/uploads\/2018\/09\/1536545187449979811250-624x624.jpg 624w\" sizes=\"auto, (max-width: 345px) 100vw, 345px\" \/><\/a><\/h2>\n<h2 dir=\"auto\" style=\"text-align: justify;\"><span style=\"color: #008000;\"><strong>I would like to honor my dear friend and mentor, Jorge Leon, by sharing more about him and his impact on my life. There are moments in one&#8217;s life when the entrance of someone special is immediately recognizable. For me, that moment occurred when I met my mentor, Jorge, in Cancun. As someone who is inherently curious and asks many questions, I had the opportunity to have lunch with Jorge and ask him those deep, spiritual questions I had dreamed of asking figures like Jesus or Buddha. Sharing these moments with close friends afterward, it felt akin to having a conversation with an enlightened being.<\/strong><\/span><\/h2>\n<h2 dir=\"auto\" style=\"text-align: justify;\"><span style=\"color: #008000;\"><strong>While my eyes and heart were wide open with awe during our conversation, Jorge reminded me that while gifts and wisdom are beneficial, one&#8217;s foundation needs to be grounded in humbleness to heal oneself and assist others in their healing journey.<\/strong><\/span><\/h2>\n<h2 dir=\"auto\" style=\"text-align: justify;\"><span style=\"color: #008000;\"><strong>I knew I wanted to spend more time with Jorge, despite the vast distance between us. Shortly after our meeting in Cancun, I connected with Jorge over Zoom. I anticipated an introductory overview of his healing training offerings. With my background in Electrical Engineering, I was particularly eager to delve into the tools and techniques of energy healing. However, my entire perspective shifted when Jorge emphasized the importance of self-healing before attempting to assist others in their healing processes.<\/strong><\/span><\/h2>\n<h2 dir=\"auto\" style=\"text-align: justify;\"><span style=\"color: #008000;\"><strong>He began my healing process by running energy, which physically manifested as sensations of tingling, pressure, warmth, and a spectrum of colors whenever I closed my eyes. Shortly after beginning my healing journey, I started experiencing many of the best days of my life. At the same time, my approach to learning transformed. Instead of passively receiving instruction, I actively observed Jorge&#8217;s methods and engaged in follow-up questions to understand the reasoning behind his techniques.<\/strong><\/span><\/h2>\n<h2 dir=\"auto\" style=\"text-align: justify;\"><span style=\"color: #008000;\"><strong>My healing has been beyond remarkable, with physical aches and pains, as well as emotional wounds, dissolving over time. This accelerated the development of my spiritual abilities, as I became a clearer vessel for divine will. As my abilities emerged, I had a dear friend to guide me in serving others humbly.<\/strong><\/span><\/h2>\n<h2 dir=\"auto\" style=\"text-align: justify;\"><span style=\"color: #008000;\"><strong>You might wonder how one identifies great mentors to guide them on their path. Jorge demonstrated through his actions that great mentors first help you heal yourself mentally, physically, emotionally, and spiritually before teaching you any tools or techniques.<\/strong><\/span><\/h2>\n<h2 dir=\"auto\" style=\"text-align: justify;\"><span style=\"color: #008000;\"><strong>I would like to share some of what I term Jorge\u2019s words of wisdom, which I have gleaned from our magical conversations.<\/strong><\/span><\/h2>\n<h2 dir=\"auto\" style=\"text-align: justify;\"><span style=\"color: #008000;\"><strong>\u2022 Be Humble: This is crucial for maintaining oneself as a clean vessel for the source.<\/strong><\/span><\/h2>\n<h2 dir=\"auto\" style=\"text-align: justify;\"><span style=\"color: #008000;\"><strong>\u2022 Abundance:\u00a0\u00a0\u00a0 When you share, do it from what you have today to live on, do it from your savings only in emergencies.<\/strong><\/span><\/h2>\n<h2 dir=\"auto\" style=\"text-align: justify;\"><span style=\"color: #008000;\"><strong>\u2022 Ancestors: Healing oneself also heals one&#8217;s ancestors.<\/strong><\/span><\/h2>\n<h2 dir=\"auto\" style=\"text-align: justify;\"><span style=\"color: #008000;\"><strong>I will pause here in sharing more of Jorge\u2019s wisdom, to encourage my dear friend to finish his book, allowing him to share his wisdom with you directly. I wish to share Jorge\u2019s dream: he envisions a healer in every home. If this resonates with your heart, or if you are interested in receiving healing assistance, I encourage you to reach out to learn more about Jorge at\u00a0<a style=\"color: #008000;\" href=\"https:\/\/iluminatuser.com\/\" target=\"_blank\" rel=\"noopener noreferrer\" data-auth=\"NotApplicable\" data-linkindex=\"0\">https:\/\/iluminatuser.com<\/a>\/.<\/strong><\/span><\/h2>\n<h2 dir=\"auto\" style=\"text-align: justify;\"><em><span style=\"color: #008000;\"><strong>SM, USA<\/strong><\/span><\/em><\/h2>\n<h2 style=\"text-align: justify;\"><span style=\"color: #008000;\"><strong>I reached out to Jorge because my horse was having constant health issues. It was not a particular thing, just a series of little ailments that were keeping him out of the training arena. I could not understand why we were not able to conquer one thing, without having another come up. Jorge worked on my 12 year old horse and noticed that he was dealing with some emotional issues that blocked his ability to get well. He had 2 face to face meetings and several remote sessions and my horse is now one of the top performers of his class. It is amazing how well and quickly he responded to the therapy and how we have not had any issues come back. Jorge also helped my horse and I bond at an energetic level and the level of communication we have now is wonderful. I am very grateful for this, and I know my horse is as well!<\/strong><\/span><\/h2>\n<h2 style=\"text-align: justify;\"><em><span style=\"color: #008000;\">MG, PERU<\/span><\/em><\/h2>\n<h2 style=\"text-align: justify;\"><span style=\"color: #008000;\"><strong>My experience with energy got much better when I began to receive my Quantum Touch sessions with Jorge. Every session is a trip of information and great sensations.<\/strong><\/span><\/h2>\n<h2 style=\"text-align: justify;\"><span style=\"color: #008000;\">I\u00b4m a healer and I work with energy every day, I learned my first level of Quantum Touch with Jorge. More and more I have been understanding energy since my practice with Quantum Touch.<\/span><\/h2>\n<h2 style=\"text-align: justify;\"><span style=\"color: #008000;\">I make my breathing and visualizations of Quantum Touch every day, and every purpose or intention I put in my heart, just flows to the Universe by activating my energy. It&#8217;s a kind of magic, now I know in my heart and understand everything is energy.<\/span><\/h2>\n<h2 style=\"text-align: justify;\"><span style=\"color: #008000;\">I practice it with my partner and our relationship is very profound, we can get together or feel each other only by our intention, with the practice of Quantum Touch.<\/span><\/h2>\n<h2 style=\"text-align: justify;\"><span style=\"color: #008000;\">Thank you Jorge for coming into my life, in the perfect moment!<\/span><\/h2>\n<h2 style=\"text-align: justify;\"><span style=\"color: #008000;\">Blessings for you every day!<\/span><\/h2>\n<h2 style=\"text-align: justify;\"><em><span style=\"color: #008000;\"><strong>VF, ECUADOR<\/strong><\/span><\/em><\/h2>\n<h2 style=\"text-align: justify;\"><span style=\"color: #000080;\">Conoc\u00ed a Jorge por recomendaci\u00f3n de una amiga en un momento cr\u00edtico de mi vida&#8230;, mi matrimonio de 28 a\u00f1os se desmoronaba.., me encontraba al borde de una fuerte depresi\u00f3n..!<\/span><\/h2>\n<h2 style=\"text-align: justify;\"><span style=\"color: #000080;\">En esos d\u00edas todo lo ve\u00eda obscuro estaba absolutamente des motivado, a la empresa asist\u00eda f\u00edsicamente pero mi mente no me acompa\u00f1aba.., hab\u00eda dejado de frecuentar a mis amigos mis dos hijos estudiaban en otros pa\u00edses y con mi ex la relaci\u00f3n era un infierno&#8230;<\/span><\/h2>\n<h2 style=\"text-align: justify;\"><span style=\"color: #000080;\">Jorge me hablo de Quantum healing y de la fuerza que tenemos las personas para sanar..<\/span><\/h2>\n<h2 style=\"text-align: justify;\"><span style=\"color: #000080;\">Era la primera vez que conoc\u00eda a alguien con tanta fe, en el poder de la energ\u00eda.., cuando iniciamos las sesiones lo hice porque sab\u00eda que estaba muy mal y no ten\u00eda nada que perder.., nunca imagine el poder de sanaci\u00f3n de Quantum.., menos a\u00fan conoc\u00eda la fuerza espiritual de Jorge.<\/span><\/h2>\n<h2 style=\"text-align: justify;\"><span style=\"color: #000080;\">Al mes de terapia los s\u00edntomas depresivos comenzaron a sanar poco a poco volv\u00ed a confiar en m\u00ed y a quererme nuevamente.., Jorge me recomend\u00f3 leer varios libros que me ayudaron mucho entre esos , Descubre tu destino de Rob\u00edn Sharma , Frequency de Penney Peirce y la maestr\u00eda del amor de Don Miguel Ruiz &#8230;<\/span><\/h2>\n<h2 style=\"text-align: justify;\"><span style=\"color: #000080;\">A pasado a\u00f1o y medio desde que conoc\u00ed a Jorge y puedo decir que he vuelto a ser el Frank de mis mejores a\u00f1os .. &#8220;mejorado&#8221; soy m\u00e1s equilibrado tengo plena conciencia de mis poderes, vivo en el presente y estoy remplazando los miedos por el amor infinito&#8230;, en la empresa me desenvuelvo mejor que antes.., me convert\u00ed en un mejor estratega.., a trav\u00e9s de Quantum me potencie y he vuelto a retomar el control de mi vida en lo laboral, emocional y humano.., ahora s\u00e9 que todos nacemos con un prop\u00f3sito y ese no es el acumular riquezas.., la mayor riqueza est\u00e1 en ayudar a otras personas.. <\/span><\/h2>\n<h2 style=\"text-align: justify;\"><em><span style=\"color: #000080;\">FPC, ECUADOR<\/span><\/em><\/h2>\n<h2 style=\"text-align: justify;\"><span style=\"color: #008000;\"><strong>I am not sure if I ever Thanked you for bring QT into my life. It has made a huge change for me in my life which I deeply appreciate the gift.<\/strong><\/span><\/h2>\n<h2 style=\"text-align: justify;\"><span style=\"color: #008000;\">Thank you so much!!!<\/span><\/h2>\n<h2 style=\"text-align: justify;\"><em><span style=\"color: #008000;\"><strong>GR, USA<\/strong><\/span><\/em><\/h2>\n<h2 style=\"text-align: justify;\"><span style=\"color: #008000;\"><strong>I had the pleasure of meeting Jorge and be introduced to Quantum while travelling to Quito, Ecuador. A series of coincidences and circumstances allowed me to have a first session while on a very tight travel schedule. I had not expectation or knowledge of what Quantum meant, however I approached this with an open mind.<\/strong><\/span><\/h2>\n<h2 style=\"text-align: justify;\"><span style=\"color: #008000;\"><strong>Our first session was different from what I had experienced before, because of the physical manifestation of the work and deep feeling of relaxation achieved. Without any type of contact &#8211;while on face-to-face sessions (or remote sessions as I later learned) &#8212; the person being healed moves back and forth or in a circular manner while the feet remain anchored to the floor. This first part of the session, a sort of alignment, identifies the issues to be worked on the physical plain and during the rest of the session and allows great insight on what is needed from the physical or emotional perspective. At the end of the session, the physical and emotional benefits are evident.<\/strong><\/span><\/h2>\n<h2 style=\"text-align: justify;\"><span style=\"color: #008000;\"><strong>Since then, I have had several sessions to work sports issues (neck, back, knee pain, tennis elbow); as well as emotional issues such as stress and anxiety with wonderful results. Working on balancing energy, wellbeing and physical needs has the added benefit of attracting more goodness into our lives, or so I have come to believe. Jorge is a wonderful person with a wonderful gift.<\/strong><\/span><\/h2>\n<h2 style=\"text-align: justify;\"><em><span style=\"color: #008000;\"><strong>MR, PERU<\/strong><\/span><\/em><\/h2>\n","protected":false},"excerpt":{"rendered":"<p>&nbsp; I would like to honor my dear friend and mentor, Jorge Leon, by sharing more about him and his impact on my life. There are moments in one&#8217;s life when the entrance of someone special is immediately recognizable. For me, that moment occurred when I met my mentor, Jorge, in Cancun. As someone who [&hellip;]<\/p>\n","protected":false},"author":1,"featured_media":0,"parent":0,"menu_order":4,"comment_status":"closed","ping_status":"closed","template":"","meta":{"jetpack_post_was_ever_published":false,"footnotes":""},"class_list":["post-33","page","type-page","status-publish","hentry"],"jetpack_sharing_enabled":true,"jetpack_shortlink":"https:\/\/wp.me\/P5sCK5-x","_links":{"self":[{"href":"https:\/\/iluminatuser.com\/index.php?rest_route=\/wp\/v2\/pages\/33","targetHints":{"allow":["GET"]}}],"collection":[{"href":"https:\/\/iluminatuser.com\/index.php?rest_route=\/wp\/v2\/pages"}],"about":[{"href":"https:\/\/iluminatuser.com\/index.php?rest_route=\/wp\/v2\/types\/page"}],"author":[{"embeddable":true,"href":"https:\/\/iluminatuser.com\/index.php?rest_route=\/wp\/v2\/users\/1"}],"replies":[{"embeddable":true,"href":"https:\/\/iluminatuser.com\/index.php?rest_route=%2Fwp%2Fv2%2Fcomments&post=33"}],"version-history":[{"count":21,"href":"https:\/\/iluminatuser.com\/index.php?rest_route=\/wp\/v2\/pages\/33\/revisions"}],"predecessor-version":[{"id":413,"href":"https:\/\/iluminatuser.com\/index.php?rest_route=\/wp\/v2\/pages\/33\/revisions\/413"}],"wp:attachment":[{"href":"https:\/\/iluminatuser.com\/index.php?rest_route=%2Fwp%2Fv2%2Fmedia&parent=33"}],"curies":[{"name":"wp","href":"https:\/\/api.w.org\/{rel}","templated":true}]}}