{"id":30,"date":"2014-12-13T18:51:09","date_gmt":"2014-12-13T23:51:09","guid":{"rendered":"http:\/\/iluminatuser.com\/?page_id=30"},"modified":"2014-12-15T13:54:16","modified_gmt":"2014-12-15T18:54:16","slug":"quantum-touch","status":"publish","type":"page","link":"https:\/\/iluminatuser.com\/?page_id=30","title":{"rendered":"QUANTUM TOUCH\u00ae"},"content":{"rendered":"<h1 style=\"text-align: justify;\"><span style=\"color: #000080;\">Quantum Touch es un m\u00e9todo de sanaci\u00f3n natural que trabaja con la Energ\u00eda de la Fuerza Vital del cuerpo para promover \u00f3ptimo bienestar.<\/span><\/h1>\n<h1 style=\"text-align: justify;\"><span style=\"color: #000080;\"><strong>La Energ\u00eda de la Fuerza Vital, tambi\u00e9n llamada \u201cchi\u201d en Chino y \u201cprana\u201d en S\u00e1nscrito, es el flujo de energ\u00eda que sustenta a todo ser vivo.\u00a0<\/strong><\/span><\/h1>\n<h1 style=\"text-align: justify;\"><span style=\"color: #000080;\"><strong>Quantum-Touch nos ense\u00f1a como enfocar, amplificar y direccionar \u00e9sta energ\u00eda para obtener muchos beneficios con sorprendentes y generalmente sorprendentes resultados.\u00a0<\/strong><\/span><\/h1>\n<h6 style=\"text-align: justify;\"><span style=\"color: #000080;\"><strong>Por Richard Gordon, Fundador de \u00a0Quantum-Touch<sup>\u00ae<\/sup><\/strong><\/span><\/h6>\n<h6 style=\"text-align: justify;\"><span style=\"color: #000080;\">\u00a0 \u00a0 \u00a0 \u00a0 \u00a0 \u00a0 \u00a0 \u00a0 \u00a0 \u00a0 \u00a0 \u00a0 \u00a0 \u00a0 \u00a0 \u00a0 \u00a0 \u00a0 \u00a0 \u00a0 \u00a0 \u00a0 \u00a0 \u00a0 \u00a0 \u00a0 \u00a0 \u00a0 \u00a0 \u00a0 \u00a0 \u00a0 \u00a0 \u00a0 \u00a0 \u00a0 \u00a0 \u00a0 \u00a0 \u00a0\u00a0&#8212;&#8212;&#8212;&#8212;&#8212;&#8212;&#8212;&#8212;&#8212;-<\/span><\/h6>\n<h1 style=\"text-align: justify;\"><span style=\"color: #008000;\"><strong>Quantum-Touch is a method of natural healing that works with the Life Force Energy (LFE) of the body to promote optimal wellness.\u00a0<\/strong><\/span><\/h1>\n<h1 style=\"text-align: justify;\"><span style=\"color: #008000;\"><strong>Life Force Energy, also known as \u201cchi\u201d in Chinese and \u201cprana\u201d in Sanskrit, is the flow of energy that sustains all living beings.<\/strong><\/span><\/h1>\n<h1 style=\"text-align: justify;\"><span style=\"color: #008000;\"><strong>Quantum-Touch teaches us how to focus, amplify, and direct this energy, for a wide range of benefits with surprising and often extraordinary results.<br \/>\n<\/strong><\/span><\/h1>\n<h6 style=\"text-align: justify;\"><span style=\"color: #008000;\"><strong>by Richard Gordon, Founder of Quantum-Touch<sup>\u00ae<\/sup><\/strong><\/span><\/h6>\n","protected":false},"excerpt":{"rendered":"<p>Quantum Touch es un m\u00e9todo de sanaci\u00f3n natural que trabaja con la Energ\u00eda de la Fuerza Vital del cuerpo para promover \u00f3ptimo bienestar. La Energ\u00eda de la Fuerza Vital, tambi\u00e9n llamada \u201cchi\u201d en Chino y \u201cprana\u201d en S\u00e1nscrito, es el flujo de energ\u00eda que sustenta a todo ser vivo.\u00a0 Quantum-Touch nos ense\u00f1a como enfocar, amplificar [&hellip;]<\/p>\n","protected":false},"author":1,"featured_media":0,"parent":0,"menu_order":3,"comment_status":"closed","ping_status":"closed","template":"","meta":{"footnotes":""},"class_list":["post-30","page","type-page","status-publish","hentry"],"jetpack_sharing_enabled":true,"jetpack_shortlink":"https:\/\/wp.me\/P5sCK5-u","_links":{"self":[{"href":"https:\/\/iluminatuser.com\/index.php?rest_route=\/wp\/v2\/pages\/30","targetHints":{"allow":["GET"]}}],"collection":[{"href":"https:\/\/iluminatuser.com\/index.php?rest_route=\/wp\/v2\/pages"}],"about":[{"href":"https:\/\/iluminatuser.com\/index.php?rest_route=\/wp\/v2\/types\/page"}],"author":[{"embeddable":true,"href":"https:\/\/iluminatuser.com\/index.php?rest_route=\/wp\/v2\/users\/1"}],"replies":[{"embeddable":true,"href":"https:\/\/iluminatuser.com\/index.php?rest_route=%2Fwp%2Fv2%2Fcomments&post=30"}],"version-history":[{"count":6,"href":"https:\/\/iluminatuser.com\/index.php?rest_route=\/wp\/v2\/pages\/30\/revisions"}],"predecessor-version":[{"id":54,"href":"https:\/\/iluminatuser.com\/index.php?rest_route=\/wp\/v2\/pages\/30\/revisions\/54"}],"wp:attachment":[{"href":"https:\/\/iluminatuser.com\/index.php?rest_route=%2Fwp%2Fv2%2Fmedia&parent=30"}],"curies":[{"name":"wp","href":"https:\/\/api.w.org\/{rel}","templated":true}]}}