{"id":275,"date":"2016-12-08T09:08:01","date_gmt":"2016-12-08T14:08:01","guid":{"rendered":"http:\/\/iluminatuser.com\/?page_id=275"},"modified":"2024-03-12T18:38:16","modified_gmt":"2024-03-12T23:38:16","slug":"iluminatuser","status":"publish","type":"page","link":"https:\/\/iluminatuser.com\/?page_id=275","title":{"rendered":"ILUMINATUSER"},"content":{"rendered":"<h4><\/h4>\n<h4 style=\"text-align: justify;\"><span style=\"color: #000080;\">ILUMINATUSER es un m\u00e9todo de sanaci\u00f3n hol\u00edstica que trabaja en los cuerpos f\u00edsico, emocional, mental, espiritual y et\u00e9reo (Aura).<\/span><\/h4>\n<h4 style=\"text-align: justify;\"><span style=\"color: #000080;\">Al ser nosotros el resultado de nuestros pensamientos, todo lo que se genera o se ha generado en nuestra mente, afecta a los dem\u00e1s cuerpos. <\/span><\/h4>\n<h4 style=\"text-align: justify;\"><span style=\"color: #000080;\">Por otro lado, sabemos que la energ\u00eda sigue al pensamiento, de esta manera, al usar t\u00e9cnicas adecuadas de respiraci\u00f3n, anclajes, manejo de subconsciente, trabajo con Arc\u00e1ngeles, intenci\u00f3n y activaci\u00f3n de gl\u00e1ndulas; se logra bienestar, cambios en la forma de pensar, se mejora la frecuencia y energ\u00eda de la persona.<\/span><\/h4>\n<h4 style=\"text-align: justify;\"><span style=\"color: #000080;\">Si algo nos est\u00e1 afectando en cualquiera de nuestros cuerpos, esto interrumpe el flujo natural de nuestra energ\u00eda y baja nuestra vibraci\u00f3n (Bloqueos Energ\u00e9ticos).<\/span><\/h4>\n<h4 style=\"text-align: justify;\"><span style=\"color: #000080;\">Al trabajar con amor infinito e intenci\u00f3n sobre las \u00e1reas afectadas, a nivel celular, logramos mejorar el flujo de energ\u00eda, aumentar la vibraci\u00f3n y el bienestar total.<\/span><\/h4>\n<h4 style=\"text-align: justify;\"><span style=\"color: #000080;\">Adem\u00e1s es una excelente herramienta para ayudar a armonizar personas, grupos empresariales, casas, oficinas, animales, etc. <\/span><\/h4>\n<h4 style=\"text-align: justify;\"><span style=\"color: #000080;\">&#8212;&#8212;&#8212;&#8212;&#8212;&#8212;&#8212;&#8212;&#8212;&#8212;&#8212;&#8212;&#8212;<\/span><\/h4>\n<h4 style=\"text-align: justify;\"><b><span style=\"color: #008000;\">ILUMINATUSER is a holistic healing method that works in physical, emotional, mental. spiritual and ethereal (Aura) bodies.<\/span><\/b><\/h4>\n<h4 style=\"text-align: justify;\"><span style=\"color: #008000;\"><b>As we are the result of our thoughts, everything that is generated or has been generated in our mind, affects the other bodies.<\/b><\/span><\/h4>\n<h4 style=\"text-align: justify;\"><span style=\"color: #008000;\"><b>On the other hand we know that energy follows thought, this way, using proper breathing techniques, anchors, subconscious and Archangels work, intention and gland activation; wellbeing and a new way of thinking is achieved, also the frecuency and energy of the person is improved.<\/b><\/span><\/h4>\n<h4 style=\"text-align: justify;\"><b><span style=\"color: #008000;\">When working with infinite love and intention on affected areas, at cellular level, we can improve the flow of energy, increase vibration and wellbeing. <\/span><\/b><\/h4>\n<h4 style=\"text-align: justify;\"><span style=\"color: #008000;\"><b>If something is affecting us in any of our bodies, it disrupts the natural flow of our energy and lowers our vibration (Energy Blockages). <\/b><\/span><\/h4>\n<h4 style=\"text-align: justify;\"><b><span style=\"color: #008000;\">It is also an excellent tool to help harmonize people, enterprises, homes, offices, animals, etc.<\/span><\/b><\/h4>\n","protected":false},"excerpt":{"rendered":"<p>ILUMINATUSER es un m\u00e9todo de sanaci\u00f3n hol\u00edstica que trabaja en los cuerpos f\u00edsico, emocional, mental, espiritual y et\u00e9reo (Aura). Al ser nosotros el resultado de nuestros pensamientos, todo lo que se genera o se ha generado en nuestra mente, afecta a los dem\u00e1s cuerpos. Por otro lado, sabemos que la energ\u00eda sigue al pensamiento, de [&hellip;]<\/p>\n","protected":false},"author":1,"featured_media":0,"parent":0,"menu_order":3,"comment_status":"closed","ping_status":"closed","template":"","meta":{"jetpack_post_was_ever_published":false,"footnotes":""},"class_list":["post-275","page","type-page","status-publish","hentry"],"jetpack_sharing_enabled":true,"jetpack_shortlink":"https:\/\/wp.me\/P5sCK5-4r","_links":{"self":[{"href":"https:\/\/iluminatuser.com\/index.php?rest_route=\/wp\/v2\/pages\/275","targetHints":{"allow":["GET"]}}],"collection":[{"href":"https:\/\/iluminatuser.com\/index.php?rest_route=\/wp\/v2\/pages"}],"about":[{"href":"https:\/\/iluminatuser.com\/index.php?rest_route=\/wp\/v2\/types\/page"}],"author":[{"embeddable":true,"href":"https:\/\/iluminatuser.com\/index.php?rest_route=\/wp\/v2\/users\/1"}],"replies":[{"embeddable":true,"href":"https:\/\/iluminatuser.com\/index.php?rest_route=%2Fwp%2Fv2%2Fcomments&post=275"}],"version-history":[{"count":20,"href":"https:\/\/iluminatuser.com\/index.php?rest_route=\/wp\/v2\/pages\/275\/revisions"}],"predecessor-version":[{"id":410,"href":"https:\/\/iluminatuser.com\/index.php?rest_route=\/wp\/v2\/pages\/275\/revisions\/410"}],"wp:attachment":[{"href":"https:\/\/iluminatuser.com\/index.php?rest_route=%2Fwp%2Fv2%2Fmedia&parent=275"}],"curies":[{"name":"wp","href":"https:\/\/api.w.org\/{rel}","templated":true}]}}